{"id":16517,"date":"2021-11-01T23:01:15","date_gmt":"2021-11-01T22:01:15","guid":{"rendered":"https:\/\/www.moment-o.fr\/momento\/?page_id=16517"},"modified":"2024-02-08T21:16:31","modified_gmt":"2024-02-08T20:16:31","slug":"tarifs-mariage","status":"publish","type":"page","link":"https:\/\/www.moment-o.fr\/momento\/tarifs-mariage\/","title":{"rendered":"TARIFS MARIAGE"},"content":{"rendered":"\n<div class=\"wp-block-cover alignfull is-light has-parallax\" style=\"min-height:921px;aspect-ratio:unset;\"><span aria-hidden=\"true\" class=\"wp-block-cover__background has-background-dim-40 has-background-dim\" style=\"background-color:#000000\"><\/span><div role=\"img\" class=\"wp-block-cover__image-background wp-image-19054 has-parallax\" style=\"background-position:50% 50%;background-image:url(https:\/\/www.moment-o.fr\/momento\/wp-content\/uploads\/2023\/11\/DSC1302-copie-scaled.jpg)\"><\/div><div class=\"wp-block-cover__inner-container is-layout-flow wp-block-cover-is-layout-flow\">\n<h2 class=\"wp-block-heading alignwide has-white-color has-text-color\" style=\"font-size:48px;line-height:1.2\"><strong><em>TARIFS MARIAGE<\/em><\/strong><\/h2>\n\n\n\n<div class=\"wp-block-columns alignwide is-layout-flex wp-container-core-columns-is-layout-1 wp-block-columns-is-layout-flex\">\n<div class=\"wp-block-column is-layout-flow wp-block-column-is-layout-flow\" style=\"flex-basis:60%\">\n<p class=\"has-text-color\" style=\"color:#ffffff\">Vous trouverez en dessous toutes mes formules, mes supports et options \u00e0 la carte.<\/p>\n\n\n\n<p class=\"has-white-color has-text-color\">Les frais de d\u00e9placements sont compris jusqu&#8217;\u00e0 100 km, au-del\u00e0, les frais kilom\u00e9triques sont ajout\u00e9s sur devis.<\/p>\n\n\n\n<div class=\"wp-block-buttons is-layout-flex wp-block-buttons-is-layout-flex\"><\/div>\n<\/div>\n\n\n\n<div class=\"wp-block-column is-layout-flow wp-block-column-is-layout-flow\"><\/div>\n<\/div>\n<\/div><\/div>\n\n\n<div class=\"su-spacer\" style=\"height:100px\"><\/div>\n\n\n\n<div class=\"wp-block-media-text alignwide is-stacked-on-mobile\" style=\"grid-template-columns:68% auto\"><figure class=\"wp-block-media-text__media\"><img loading=\"lazy\" decoding=\"async\" width=\"724\" height=\"1024\" data-attachment-id=\"19354\" data-permalink=\"https:\/\/www.moment-o.fr\/momento\/tarifs-mariage\/les-formules-avec-cle-usb-2\/\" data-orig-file=\"https:\/\/www.moment-o.fr\/momento\/wp-content\/uploads\/2023\/12\/LES-FORMULES-AVEC-CLE-USB-2.jpg\" data-orig-size=\"1716,2428\" data-comments-opened=\"1\" data-image-meta=\"{&quot;aperture&quot;:&quot;0&quot;,&quot;credit&quot;:&quot;&quot;,&quot;camera&quot;:&quot;&quot;,&quot;caption&quot;:&quot;&quot;,&quot;created_timestamp&quot;:&quot;0&quot;,&quot;copyright&quot;:&quot;&quot;,&quot;focal_length&quot;:&quot;0&quot;,&quot;iso&quot;:&quot;0&quot;,&quot;shutter_speed&quot;:&quot;0&quot;,&quot;title&quot;:&quot;&quot;,&quot;orientation&quot;:&quot;1&quot;}\" data-image-title=\"LES-FORMULES-AVEC-CLE-USB-2\" data-image-description=\"\" data-image-caption=\"\" data-medium-file=\"https:\/\/www.moment-o.fr\/momento\/wp-content\/uploads\/2023\/12\/LES-FORMULES-AVEC-CLE-USB-2-212x300.jpg\" data-large-file=\"https:\/\/www.moment-o.fr\/momento\/wp-content\/uploads\/2023\/12\/LES-FORMULES-AVEC-CLE-USB-2-724x1024.jpg\" src=\"https:\/\/www.moment-o.fr\/momento\/wp-content\/uploads\/2023\/12\/LES-FORMULES-AVEC-CLE-USB-2-724x1024.jpg\" alt=\"\" class=\"wp-image-19354 size-full\" srcset=\"https:\/\/www.moment-o.fr\/momento\/wp-content\/uploads\/2023\/12\/LES-FORMULES-AVEC-CLE-USB-2-724x1024.jpg 724w, https:\/\/www.moment-o.fr\/momento\/wp-content\/uploads\/2023\/12\/LES-FORMULES-AVEC-CLE-USB-2-212x300.jpg 212w, https:\/\/www.moment-o.fr\/momento\/wp-content\/uploads\/2023\/12\/LES-FORMULES-AVEC-CLE-USB-2-768x1087.jpg 768w, https:\/\/www.moment-o.fr\/momento\/wp-content\/uploads\/2023\/12\/LES-FORMULES-AVEC-CLE-USB-2-1086x1536.jpg 1086w, https:\/\/www.moment-o.fr\/momento\/wp-content\/uploads\/2023\/12\/LES-FORMULES-AVEC-CLE-USB-2-1447x2048.jpg 1447w, https:\/\/www.moment-o.fr\/momento\/wp-content\/uploads\/2023\/12\/LES-FORMULES-AVEC-CLE-USB-2-42x60.jpg 42w, https:\/\/www.moment-o.fr\/momento\/wp-content\/uploads\/2023\/12\/LES-FORMULES-AVEC-CLE-USB-2-300x424.jpg 300w, https:\/\/www.moment-o.fr\/momento\/wp-content\/uploads\/2023\/12\/LES-FORMULES-AVEC-CLE-USB-2.jpg 1716w\" sizes=\"auto, (max-width: 724px) 100vw, 724px\" \/><\/figure><div class=\"wp-block-media-text__content\">\n<h5 class=\"wp-block-heading has-text-align-center\"><div class=\"su-note\"  style=\"border-color:#e5e5e5;border-radius:3px;-moz-border-radius:3px;-webkit-border-radius:3px;\"><div class=\"su-note-inner su-u-clearfix su-u-trim\" style=\"background-color:#ffffff;border-color:#ffffff;color:#333333;border-radius:3px;-moz-border-radius:3px;-webkit-border-radius:3px;\"> LA BASE <\/div><\/div><\/h5>\n\n\n\n<p class=\"has-text-align-center has-small-font-size\"><em>LA JOURN\u00c9E<\/em><\/p>\n\n\n\n<p class=\"has-small-font-size\"><em>-&gt; des pr\u00e9paratifs au cocktail (\u2248 20h)<\/em><\/p>\n\n\n\n<p class=\"has-text-align-center has-small-font-size\"><em>galerie web + cl\u00e9 USB<\/em><\/p>\n\n\n\n<p class=\"has-text-align-center has-large-font-size\"><strong>1600 \u20ac<\/strong><\/p>\n\n\n\n<h5 class=\"wp-block-heading has-text-align-center\"><div class=\"su-note\"  style=\"border-color:#e5e5e5;border-radius:3px;-moz-border-radius:3px;-webkit-border-radius:3px;\"><div class=\"su-note-inner su-u-clearfix su-u-trim\" style=\"background-color:#ffffff;border-color:#ffffff;color:#333333;border-radius:3px;-moz-border-radius:3px;-webkit-border-radius:3px;\"> LA COMPLETE <\/div><\/div><\/h5>\n\n\n\n<p class=\"has-text-align-center has-small-font-size\"><em>LA JOURN\u00c9E + LA SOIR\u00c9E<\/em><\/p>\n\n\n\n<p class=\"has-small-font-size\">\u2192 <em>des pr\u00e9paratifs aux premi\u00e8res danses (\u2248 1h)<\/em><\/p>\n\n\n\n<p class=\"has-text-align-center has-small-font-size\"><em>galerie web + cl\u00e9 USB<\/em><\/p>\n\n\n\n<p class=\"has-text-align-center has-large-font-size\"><strong>2000 \u20ac<\/strong><\/p>\n\n\n\n<h5 class=\"wp-block-heading has-text-align-center\"><div class=\"su-note\"  style=\"border-color:#e5e5e5;border-radius:3px;-moz-border-radius:3px;-webkit-border-radius:3px;\"><div class=\"su-note-inner su-u-clearfix su-u-trim\" style=\"background-color:#ffffff;border-color:#ffffff;color:#333333;border-radius:3px;-moz-border-radius:3px;-webkit-border-radius:3px;\"> LA SUR-MESURE <\/div><\/div><\/h5>\n\n\n\n<p class=\"has-text-align-center has-small-font-size\"><em>PR\u00c9PARATIFS, C\u00c9R\u00c9MONIE CIVILE, C\u00c9R\u00c9MONIE RELIGIEUSE OU LA\u00cfQUE, COCKTAIL, SOIR\u00c9E <\/em><\/p>\n\n\n\n<p class=\"has-text-align-center has-small-font-size\">-&gt; <em>au choix<\/em><\/p>\n\n\n\n<p class=\"has-text-align-center has-small-font-size\"><em>galerie web + cl\u00e9 USB<\/em><\/p>\n\n\n\n<p class=\"has-text-align-center has-large-font-size\"><strong><a href=\"https:\/\/www.moment-o.fr\/momento\/contact\/\" target=\"_blank\" rel=\"noreferrer noopener\">sur devis<\/a><\/strong><\/p>\n<\/div><\/div>\n\n\n<div class=\"su-spacer\" style=\"height:50px\"><\/div>\n\n\n\n<div class=\"wp-block-media-text alignwide has-media-on-the-right is-stacked-on-mobile\" style=\"grid-template-columns:auto 72%\"><div class=\"wp-block-media-text__content\">\n<h5 class=\"wp-block-heading has-text-align-center\"><div class=\"su-note\"  style=\"border-color:#e5e5e5;border-radius:3px;-moz-border-radius:3px;-webkit-border-radius:3px;\"><div class=\"su-note-inner su-u-clearfix su-u-trim\" style=\"background-color:#ffffff;border-color:#ffffff;color:#333333;border-radius:3px;-moz-border-radius:3px;-webkit-border-radius:3px;\"> L&#8217;ESSENTIEL <\/div><\/div><\/h5>\n\n\n\n<p class=\"has-text-align-center has-small-font-size\"><em>LA JOURN\u00c9E + LA SOIR\u00c9E<\/em><\/p>\n\n\n\n<p class=\"has-text-align-center has-small-font-size\"><em>galerie web + cl\u00e9 USB + 20 tirages*<\/em><\/p>\n\n\n\n<p class=\"has-text-align-center has-small-font-size\"><em>le petit + : une bo\u00eete en bois contenant les petits supports<\/em><\/p>\n\n\n\n<p class=\"has-text-align-center has-large-font-size\"><strong>2130 \u20ac<\/strong><\/p>\n\n\n\n<h5 class=\"wp-block-heading has-text-align-center\"><div class=\"su-note\"  style=\"border-color:#e5e5e5;border-radius:3px;-moz-border-radius:3px;-webkit-border-radius:3px;\"><div class=\"su-note-inner su-u-clearfix su-u-trim\" style=\"background-color:#ffffff;border-color:#ffffff;color:#333333;border-radius:3px;-moz-border-radius:3px;-webkit-border-radius:3px;\"> LE TOUT <\/div><\/div><\/h5>\n\n\n\n<p class=\"has-text-align-center has-small-font-size\"><em>LA JOURN\u00c9E + LA SOIR\u00c9E<\/em><\/p>\n\n\n\n<p class=\"has-text-align-center has-small-font-size\"><em>galerie web + cl\u00e9 USB + 20 tirages* + album + mini folio<\/em><\/p>\n\n\n\n<p class=\"has-text-align-center has-small-font-size\"><em>le petit + : une bo\u00eete en bois contenant les petits supports<\/em> (album \u00e0 part)<\/p>\n\n\n\n<p class=\"has-text-align-center has-large-font-size\"><strong>entre 2320 et 2360 \u20ac<\/strong> (selon l&#8217;album choisi)<\/p>\n\n\n\n<p class=\"has-text-align-center has-small-font-size\">[*10 tirages de 10&#215;15 cm et 10 tirages de 13&#215;18 cm]\n<\/div><figure class=\"wp-block-media-text__media\"><img loading=\"lazy\" decoding=\"async\" width=\"724\" height=\"1024\" data-attachment-id=\"19356\" data-permalink=\"https:\/\/www.moment-o.fr\/momento\/tarifs-mariage\/les-formules-toutes-pretes-2\/\" data-orig-file=\"https:\/\/www.moment-o.fr\/momento\/wp-content\/uploads\/2023\/12\/LES-FORMULES-TOUTES-PRETES-2.jpg\" data-orig-size=\"1716,2428\" data-comments-opened=\"1\" data-image-meta=\"{&quot;aperture&quot;:&quot;0&quot;,&quot;credit&quot;:&quot;&quot;,&quot;camera&quot;:&quot;&quot;,&quot;caption&quot;:&quot;&quot;,&quot;created_timestamp&quot;:&quot;0&quot;,&quot;copyright&quot;:&quot;&quot;,&quot;focal_length&quot;:&quot;0&quot;,&quot;iso&quot;:&quot;0&quot;,&quot;shutter_speed&quot;:&quot;0&quot;,&quot;title&quot;:&quot;&quot;,&quot;orientation&quot;:&quot;1&quot;}\" data-image-title=\"LES-FORMULES-TOUTES-PRETES-2\" data-image-description=\"\" data-image-caption=\"\" data-medium-file=\"https:\/\/www.moment-o.fr\/momento\/wp-content\/uploads\/2023\/12\/LES-FORMULES-TOUTES-PRETES-2-212x300.jpg\" data-large-file=\"https:\/\/www.moment-o.fr\/momento\/wp-content\/uploads\/2023\/12\/LES-FORMULES-TOUTES-PRETES-2-724x1024.jpg\" src=\"https:\/\/www.moment-o.fr\/momento\/wp-content\/uploads\/2023\/12\/LES-FORMULES-TOUTES-PRETES-2-724x1024.jpg\" alt=\"\" class=\"wp-image-19356 size-full\" srcset=\"https:\/\/www.moment-o.fr\/momento\/wp-content\/uploads\/2023\/12\/LES-FORMULES-TOUTES-PRETES-2-724x1024.jpg 724w, https:\/\/www.moment-o.fr\/momento\/wp-content\/uploads\/2023\/12\/LES-FORMULES-TOUTES-PRETES-2-212x300.jpg 212w, https:\/\/www.moment-o.fr\/momento\/wp-content\/uploads\/2023\/12\/LES-FORMULES-TOUTES-PRETES-2-768x1087.jpg 768w, https:\/\/www.moment-o.fr\/momento\/wp-content\/uploads\/2023\/12\/LES-FORMULES-TOUTES-PRETES-2-1086x1536.jpg 1086w, https:\/\/www.moment-o.fr\/momento\/wp-content\/uploads\/2023\/12\/LES-FORMULES-TOUTES-PRETES-2-1447x2048.jpg 1447w, https:\/\/www.moment-o.fr\/momento\/wp-content\/uploads\/2023\/12\/LES-FORMULES-TOUTES-PRETES-2-42x60.jpg 42w, https:\/\/www.moment-o.fr\/momento\/wp-content\/uploads\/2023\/12\/LES-FORMULES-TOUTES-PRETES-2-300x424.jpg 300w, https:\/\/www.moment-o.fr\/momento\/wp-content\/uploads\/2023\/12\/LES-FORMULES-TOUTES-PRETES-2.jpg 1716w\" sizes=\"auto, (max-width: 724px) 100vw, 724px\" \/><\/figure><\/div>\n\n\n<div class=\"su-spacer\" style=\"height:50px\"><\/div>\n\n\n<p style=\"text-align: center;\"><div class=\"su-note\"  style=\"border-color:#e5e5e5;border-radius:3px;-moz-border-radius:3px;-webkit-border-radius:3px;\"><div class=\"su-note-inner su-u-clearfix su-u-trim\" style=\"background-color:#ffffff;border-color:#ffffff;color:#333333;border-radius:3px;-moz-border-radius:3px;-webkit-border-radius:3px;\">&nbsp; &nbsp; &nbsp; &nbsp; &nbsp; &nbsp; &nbsp; &nbsp; &nbsp; &nbsp; &nbsp; &nbsp; &nbsp; &nbsp; &nbsp; &nbsp; &nbsp; &nbsp; &nbsp; &nbsp; &nbsp; &nbsp; &nbsp; &nbsp; &nbsp; &nbsp; &nbsp;<strong><span style=\"font-size: 20px;\">LES SUPPORTS&nbsp; \u00c0 LA CARTE : \u00e0 ajouter avant ou apr\u00e8s le mariage<\/span><\/strong><\/div><\/div>\n<p style=\"text-align: center;\"><em>Tirages (10&#215;15 cm, 13&#215;18 cm ou A4)<\/em><br><em>Albums (Classique, Lin ou Simili-cuir)<\/em><br><em>Mini folios (Lin, Simili-cuir ou Li\u00e8ge)<\/em><\/p>\n<p class=\"western\" style=\"text-align: center;\" align=\"center\"><a href=\"https:\/\/www.moment-o.fr\/momento\/contact\/\"><span style=\"font-family: Noto Sans Light, serif;\"><span style=\"font-size: small;\"><u>SUR<\/u><u> DEVIS<\/u><\/span><\/span><\/a><\/p>\n\n<div class=\"su-spacer\" style=\"height:50px\"><\/div>\n\n\n<p style=\"text-align: center;\"><div class=\"su-note\"  style=\"border-color:#e5e5e5;border-radius:3px;-moz-border-radius:3px;-webkit-border-radius:3px;\"><div class=\"su-note-inner su-u-clearfix su-u-trim\" style=\"background-color:#ffffff;border-color:#ffffff;color:#333333;border-radius:3px;-moz-border-radius:3px;-webkit-border-radius:3px;\">&nbsp; &nbsp; &nbsp; &nbsp; &nbsp; &nbsp; &nbsp; &nbsp; &nbsp; &nbsp; &nbsp; &nbsp; &nbsp; &nbsp; &nbsp; &nbsp; &nbsp; &nbsp; &nbsp; &nbsp; &nbsp; &nbsp; &nbsp; &nbsp; &nbsp; &nbsp; &nbsp; &nbsp; &nbsp; &nbsp; &nbsp; &nbsp; &nbsp; &nbsp; &nbsp; &nbsp; &nbsp; &nbsp; <strong><span style=\"font-size: 20px;\">LES OPTIONS \u00c0 LA CARTE : en dehors du mariage<\/span><\/strong>&nbsp;<\/div><\/div>\n<p style=\"text-align: center;\"><em>Reportage essayages robe \/ costume<br>Reportage EVJF \/ EVG<br>Reportage d\u00eener la veille \/ brunch le lendemain<\/em><\/p>\n<p class=\"western\" style=\"text-align: center;\" align=\"center\"><a href=\"https:\/\/www.moment-o.fr\/momento\/contact\/\"><span style=\"font-family: Noto Sans Light, serif;\"><span style=\"font-size: small;\"><u>SUR<\/u><u> DEVIS<\/u><\/span><\/span><\/a><\/p>\n\n\n<div class=\"wp-block-group alignfull has-text-color has-background\" style=\"color:#000000;background-color:#ffffff\"><div class=\"wp-block-group__inner-container is-layout-flow wp-block-group-is-layout-flow\">\n<div style=\"height:64px\" aria-hidden=\"true\" class=\"wp-block-spacer\"><\/div>\n\n\n\n<h2 class=\"wp-block-heading has-text-align-center\" id=\"schedule-a-visit\" style=\"font-size:33px;line-height:1.15\">Pour toute information suppl\u00e9mentaire ou question, veuillez me contacter.<\/h2>\n\n\n\n<div class=\"wp-block-buttons is-horizontal is-content-justification-center is-layout-flex wp-container-core-buttons-is-layout-2 wp-block-buttons-is-layout-flex\">\n<div class=\"wp-block-button has-custom-width wp-block-button__width-50\"><a class=\"wp-block-button__link has-text-color has-background wp-element-button\" href=\"https:\/\/www.moment-o.fr\/momento\/contact\/\" style=\"border-radius:50px;color:#ffffff;background-color:#000000\" target=\"_blank\" rel=\"noreferrer noopener\">CONTACT<\/a><\/div>\n<\/div>\n\n\n\n<div style=\"height:64px\" aria-hidden=\"true\" class=\"wp-block-spacer\"><\/div>\n<\/div><\/div>\n","protected":false},"excerpt":{"rendered":"<p>LA JOURN\u00c9E -&gt; des pr\u00e9paratifs au cocktail (\u2248 20h) galerie web + cl\u00e9 USB 1600 \u20ac LA JOURN\u00c9E + LA SOIR\u00c9E \u2192 des pr\u00e9paratifs aux premi\u00e8res danses (\u2248 1h) galerie &hellip; <\/p>\n","protected":false},"author":2,"featured_media":0,"parent":0,"menu_order":0,"comment_status":"closed","ping_status":"closed","template":"","meta":{"ngg_post_thumbnail":0,"jetpack_post_was_ever_published":false,"footnotes":""},"wf_page_folders":[46],"class_list":["post-16517","page","type-page","status-publish","hentry"],"yoast_head":"<!-- This site is optimized with the Yoast SEO plugin v26.8 - https:\/\/yoast.com\/product\/yoast-seo-wordpress\/ -->\n<title>TARIFS MARIAGE &#8226;<\/title>\n<meta name=\"robots\" content=\"index, follow, max-snippet:-1, max-image-preview:large, max-video-preview:-1\" \/>\n<link rel=\"canonical\" href=\"https:\/\/www.moment-o.fr\/momento\/tarifs-mariage\/\" \/>\n<meta property=\"og:locale\" content=\"fr_FR\" \/>\n<meta property=\"og:type\" content=\"article\" \/>\n<meta property=\"og:title\" content=\"TARIFS MARIAGE &#8226;\" \/>\n<meta property=\"og:description\" content=\"LA JOURN\u00c9E -&gt; des pr\u00e9paratifs au cocktail (\u2248 20h) galerie web + cl\u00e9 USB 1600 \u20ac LA JOURN\u00c9E + LA SOIR\u00c9E \u2192 des pr\u00e9paratifs aux premi\u00e8res danses (\u2248 1h) galerie &hellip;\" \/>\n<meta property=\"og:url\" content=\"https:\/\/www.moment-o.fr\/momento\/tarifs-mariage\/\" \/>\n<meta property=\"article:publisher\" content=\"https:\/\/www.facebook.com\/Momento-280953475710708\/?ref=br_rs\" \/>\n<meta property=\"article:modified_time\" content=\"2024-02-08T20:16:31+00:00\" \/>\n<meta property=\"og:image\" content=\"https:\/\/www.moment-o.fr\/momento\/wp-content\/uploads\/2023\/12\/LES-FORMULES-AVEC-CLE-USB-2-724x1024.jpg\" \/>\n<meta name=\"twitter:card\" content=\"summary_large_image\" \/>\n<meta name=\"twitter:label1\" content=\"Dur\u00e9e de lecture estim\u00e9e\" \/>\n\t<meta name=\"twitter:data1\" content=\"2 minutes\" \/>\n<script type=\"application\/ld+json\" class=\"yoast-schema-graph\">{\"@context\":\"https:\/\/schema.org\",\"@graph\":[{\"@type\":\"WebPage\",\"@id\":\"https:\/\/www.moment-o.fr\/momento\/tarifs-mariage\/\",\"url\":\"https:\/\/www.moment-o.fr\/momento\/tarifs-mariage\/\",\"name\":\"TARIFS MARIAGE &#8226;\",\"isPartOf\":{\"@id\":\"https:\/\/www.moment-o.fr\/momento\/#website\"},\"primaryImageOfPage\":{\"@id\":\"https:\/\/www.moment-o.fr\/momento\/tarifs-mariage\/#primaryimage\"},\"image\":{\"@id\":\"https:\/\/www.moment-o.fr\/momento\/tarifs-mariage\/#primaryimage\"},\"thumbnailUrl\":\"https:\/\/www.moment-o.fr\/momento\/wp-content\/uploads\/2023\/12\/LES-FORMULES-AVEC-CLE-USB-2-724x1024.jpg\",\"datePublished\":\"2021-11-01T22:01:15+00:00\",\"dateModified\":\"2024-02-08T20:16:31+00:00\",\"inLanguage\":\"fr-FR\",\"potentialAction\":[{\"@type\":\"ReadAction\",\"target\":[\"https:\/\/www.moment-o.fr\/momento\/tarifs-mariage\/\"]}]},{\"@type\":\"ImageObject\",\"inLanguage\":\"fr-FR\",\"@id\":\"https:\/\/www.moment-o.fr\/momento\/tarifs-mariage\/#primaryimage\",\"url\":\"https:\/\/www.moment-o.fr\/momento\/wp-content\/uploads\/2023\/12\/LES-FORMULES-AVEC-CLE-USB-2.jpg\",\"contentUrl\":\"https:\/\/www.moment-o.fr\/momento\/wp-content\/uploads\/2023\/12\/LES-FORMULES-AVEC-CLE-USB-2.jpg\",\"width\":1716,\"height\":2428},{\"@type\":\"WebSite\",\"@id\":\"https:\/\/www.moment-o.fr\/momento\/#website\",\"url\":\"https:\/\/www.moment-o.fr\/momento\/\",\"name\":\"\",\"description\":\"vos moments forts en photo\",\"publisher\":{\"@id\":\"https:\/\/www.moment-o.fr\/momento\/#organization\"},\"potentialAction\":[{\"@type\":\"SearchAction\",\"target\":{\"@type\":\"EntryPoint\",\"urlTemplate\":\"https:\/\/www.moment-o.fr\/momento\/?s={search_term_string}\"},\"query-input\":{\"@type\":\"PropertyValueSpecification\",\"valueRequired\":true,\"valueName\":\"search_term_string\"}}],\"inLanguage\":\"fr-FR\"},{\"@type\":\"Organization\",\"@id\":\"https:\/\/www.moment-o.fr\/momento\/#organization\",\"name\":\"momento\",\"url\":\"https:\/\/www.moment-o.fr\/momento\/\",\"logo\":{\"@type\":\"ImageObject\",\"inLanguage\":\"fr-FR\",\"@id\":\"https:\/\/www.moment-o.fr\/momento\/#\/schema\/logo\/image\/\",\"url\":\"https:\/\/www.moment-o.fr\/momento\/wp-content\/uploads\/2017\/09\/cropped-MOMENTO_DEF-2-test-cercle.png\",\"contentUrl\":\"https:\/\/www.moment-o.fr\/momento\/wp-content\/uploads\/2017\/09\/cropped-MOMENTO_DEF-2-test-cercle.png\",\"width\":683,\"height\":689,\"caption\":\"momento\"},\"image\":{\"@id\":\"https:\/\/www.moment-o.fr\/momento\/#\/schema\/logo\/image\/\"},\"sameAs\":[\"https:\/\/www.facebook.com\/Momento-280953475710708\/?ref=br_rs\",\"https:\/\/www.instagram.com\/moment.opro\/?hl=fr\"]}]}<\/script>\n<!-- \/ Yoast SEO plugin. -->","yoast_head_json":{"title":"TARIFS MARIAGE &#8226;","robots":{"index":"index","follow":"follow","max-snippet":"max-snippet:-1","max-image-preview":"max-image-preview:large","max-video-preview":"max-video-preview:-1"},"canonical":"https:\/\/www.moment-o.fr\/momento\/tarifs-mariage\/","og_locale":"fr_FR","og_type":"article","og_title":"TARIFS MARIAGE &#8226;","og_description":"LA JOURN\u00c9E -&gt; des pr\u00e9paratifs au cocktail (\u2248 20h) galerie web + cl\u00e9 USB 1600 \u20ac LA JOURN\u00c9E + LA SOIR\u00c9E \u2192 des pr\u00e9paratifs aux premi\u00e8res danses (\u2248 1h) galerie &hellip;","og_url":"https:\/\/www.moment-o.fr\/momento\/tarifs-mariage\/","article_publisher":"https:\/\/www.facebook.com\/Momento-280953475710708\/?ref=br_rs","article_modified_time":"2024-02-08T20:16:31+00:00","og_image":[{"url":"https:\/\/www.moment-o.fr\/momento\/wp-content\/uploads\/2023\/12\/LES-FORMULES-AVEC-CLE-USB-2-724x1024.jpg","type":"","width":"","height":""}],"twitter_card":"summary_large_image","twitter_misc":{"Dur\u00e9e de lecture estim\u00e9e":"2 minutes"},"schema":{"@context":"https:\/\/schema.org","@graph":[{"@type":"WebPage","@id":"https:\/\/www.moment-o.fr\/momento\/tarifs-mariage\/","url":"https:\/\/www.moment-o.fr\/momento\/tarifs-mariage\/","name":"TARIFS MARIAGE &#8226;","isPartOf":{"@id":"https:\/\/www.moment-o.fr\/momento\/#website"},"primaryImageOfPage":{"@id":"https:\/\/www.moment-o.fr\/momento\/tarifs-mariage\/#primaryimage"},"image":{"@id":"https:\/\/www.moment-o.fr\/momento\/tarifs-mariage\/#primaryimage"},"thumbnailUrl":"https:\/\/www.moment-o.fr\/momento\/wp-content\/uploads\/2023\/12\/LES-FORMULES-AVEC-CLE-USB-2-724x1024.jpg","datePublished":"2021-11-01T22:01:15+00:00","dateModified":"2024-02-08T20:16:31+00:00","inLanguage":"fr-FR","potentialAction":[{"@type":"ReadAction","target":["https:\/\/www.moment-o.fr\/momento\/tarifs-mariage\/"]}]},{"@type":"ImageObject","inLanguage":"fr-FR","@id":"https:\/\/www.moment-o.fr\/momento\/tarifs-mariage\/#primaryimage","url":"https:\/\/www.moment-o.fr\/momento\/wp-content\/uploads\/2023\/12\/LES-FORMULES-AVEC-CLE-USB-2.jpg","contentUrl":"https:\/\/www.moment-o.fr\/momento\/wp-content\/uploads\/2023\/12\/LES-FORMULES-AVEC-CLE-USB-2.jpg","width":1716,"height":2428},{"@type":"WebSite","@id":"https:\/\/www.moment-o.fr\/momento\/#website","url":"https:\/\/www.moment-o.fr\/momento\/","name":"","description":"vos moments forts en photo","publisher":{"@id":"https:\/\/www.moment-o.fr\/momento\/#organization"},"potentialAction":[{"@type":"SearchAction","target":{"@type":"EntryPoint","urlTemplate":"https:\/\/www.moment-o.fr\/momento\/?s={search_term_string}"},"query-input":{"@type":"PropertyValueSpecification","valueRequired":true,"valueName":"search_term_string"}}],"inLanguage":"fr-FR"},{"@type":"Organization","@id":"https:\/\/www.moment-o.fr\/momento\/#organization","name":"momento","url":"https:\/\/www.moment-o.fr\/momento\/","logo":{"@type":"ImageObject","inLanguage":"fr-FR","@id":"https:\/\/www.moment-o.fr\/momento\/#\/schema\/logo\/image\/","url":"https:\/\/www.moment-o.fr\/momento\/wp-content\/uploads\/2017\/09\/cropped-MOMENTO_DEF-2-test-cercle.png","contentUrl":"https:\/\/www.moment-o.fr\/momento\/wp-content\/uploads\/2017\/09\/cropped-MOMENTO_DEF-2-test-cercle.png","width":683,"height":689,"caption":"momento"},"image":{"@id":"https:\/\/www.moment-o.fr\/momento\/#\/schema\/logo\/image\/"},"sameAs":["https:\/\/www.facebook.com\/Momento-280953475710708\/?ref=br_rs","https:\/\/www.instagram.com\/moment.opro\/?hl=fr"]}]}},"jetpack_sharing_enabled":true,"jetpack_shortlink":"https:\/\/wp.me\/P9mAgL-4ip","jetpack_likes_enabled":true,"jetpack-related-posts":[],"_links":{"self":[{"href":"https:\/\/www.moment-o.fr\/momento\/wp-json\/wp\/v2\/pages\/16517","targetHints":{"allow":["GET"]}}],"collection":[{"href":"https:\/\/www.moment-o.fr\/momento\/wp-json\/wp\/v2\/pages"}],"about":[{"href":"https:\/\/www.moment-o.fr\/momento\/wp-json\/wp\/v2\/types\/page"}],"author":[{"embeddable":true,"href":"https:\/\/www.moment-o.fr\/momento\/wp-json\/wp\/v2\/users\/2"}],"replies":[{"embeddable":true,"href":"https:\/\/www.moment-o.fr\/momento\/wp-json\/wp\/v2\/comments?post=16517"}],"version-history":[{"count":0,"href":"https:\/\/www.moment-o.fr\/momento\/wp-json\/wp\/v2\/pages\/16517\/revisions"}],"wp:attachment":[{"href":"https:\/\/www.moment-o.fr\/momento\/wp-json\/wp\/v2\/media?parent=16517"}],"wp:term":[{"taxonomy":"wf_page_folders","embeddable":true,"href":"https:\/\/www.moment-o.fr\/momento\/wp-json\/wp\/v2\/wf_page_folders?post=16517"}],"curies":[{"name":"wp","href":"https:\/\/api.w.org\/{rel}","templated":true}]}}